{"id":6040,"date":"2021-03-11T07:05:04","date_gmt":"2021-03-11T07:05:04","guid":{"rendered":"https:\/\/qu-solutions.ch\/qu\/"},"modified":"2025-08-27T12:14:32","modified_gmt":"2025-08-27T12:14:32","slug":"qu","status":"publish","type":"page","link":"https:\/\/qu-concepts.ch\/en\/","title":{"rendered":"Qu"},"content":{"rendered":"<div class=\"wpb-content-wrapper\"><p>[vc_row full_width=&#8221;stretch_row_content_no_spaces&#8221; no_bottom_margin=&#8221;yes&#8221;][vc_column]\t\t\t<script src=\"\/\/qu-concepts.ch\/wp-content\/plugins\/revslider\/sr6\/assets\/js\/rbtools.min.js?rev=6.7.34\"><\/script>\n\t\t\t<script src=\"\/\/qu-concepts.ch\/wp-content\/plugins\/revslider\/sr6\/assets\/js\/rs6.min.js?rev=6.7.34\"><\/script>\n\n\t\t\t<!-- START Qu concepts Titel REVOLUTION SLIDER 6.7.34 --><p class=\"rs-p-wp-fix\"><\/p>\n\t\t\t<rs-module-wrap id=\"rev_slider_16_1_wrapper\" data-source=\"gallery\" style=\"visibility:hidden;background:#eeeeee;padding:0;\">\n\t\t\t\t<rs-module id=\"rev_slider_16_1\" style=\"\" data-version=\"6.7.34\">\n\t\t\t\t\t<rs-slides style=\"overflow: hidden; position: absolute;\">\n\t\t\t\t\t\t<rs-slide style=\"position: absolute;\" data-key=\"rs-39\" data-title=\"Gurtenfestival \" data-duration=\"20030ms\" data-ssop=\"true\" data-anim=\"adpr:false;ms:20030;\" data-in=\"o:0;\" data-out=\"a:false;\">\n\t\t\t\t\t\t\t<img decoding=\"async\" src=\"\/\/qu-concepts.ch\/wp-content\/plugins\/revslider\/sr6\/assets\/assets\/dummy.png\" alt=\"Gurtenfestival \" title=\"Qu\" class=\"rev-slidebg tp-rs-img rs-lazyload\" data-lazyload=\"\/\/qu-concepts.ch\/wp-content\/plugins\/revslider\/sr6\/assets\/assets\/transparent.png\" data-parallax=\"off\" data-no-retina>\n<!--\n\t\t\t\t\t\t\t--><rs-layer\n\t\t\t\t\t\t\t\tid=\"slider-16-slide-39-layer-0\" \n\t\t\t\t\t\t\t\tclass=\"rev-scroll-btn rev-b-span-dark\"\n\t\t\t\t\t\t\t\tdata-type=\"button\"\n\t\t\t\t\t\t\t\tdata-rsp_ch=\"on\"\n\t\t\t\t\t\t\t\tdata-xy=\"x:c;y:m;yo:292px,262px,199px,122px;\"\n\t\t\t\t\t\t\t\tdata-text=\"w:normal;s:17,15,11,6;l:20,17,12,7;ls:1,0,0,0;\"\n\t\t\t\t\t\t\t\tdata-dim=\"w:35px,31px,23px,14px;h:55px,49px,37px,22px;minw:35px,none,none,none;minh:55px,none,none,none;\"\n\t\t\t\t\t\t\t\tdata-actions='o:click;a:scrollbelow;sp:1000ms;e:power1.inOut;'\n\t\t\t\t\t\t\t\tdata-basealign=\"slide\"\n\t\t\t\t\t\t\t\tdata-padding=\"t:22,20,15,9;r:14,13,10,6;b:22,20,15,9;l:14,13,10,6;\"\n\t\t\t\t\t\t\t\tdata-border=\"bos:solid;boc:rgba(51,51,51,0.75);bow:3px,3px,3px,3px;bor:23px,23px,23px,23px;\"\n\t\t\t\t\t\t\t\tdata-frame_1=\"st:17000;sR:17000;\"\n\t\t\t\t\t\t\t\tdata-frame_999=\"o:0;st:w;sR:6290;\"\n\t\t\t\t\t\t\t\tstyle=\"z-index:8;font-family:'Roboto';text-transform:uppercase;\"\n\t\t\t\t\t\t\t><span><\/span><span><\/span><span><\/span> \n\t\t\t\t\t\t\t<\/rs-layer><!--\n\n\t\t\t\t\t\t\t--><rs-layer\n\t\t\t\t\t\t\t\tid=\"slider-16-slide-39-layer-11\" \n\t\t\t\t\t\t\t\tclass=\"rs-noevents rs-fsv rs-layer-video intrinsic-ignore\"\n\t\t\t\t\t\t\t\tdata-type=\"video\"\n\t\t\t\t\t\t\t\tdata-rsp_ch=\"on\"\n\t\t\t\t\t\t\t\tdata-xy=\"x:0;y:0;\"\n\t\t\t\t\t\t\t\tdata-text=\"w:normal;s:20,17,12,7;l:0,22,16,9;\"\n\t\t\t\t\t\t\t\tdata-dim=\"w:100%;h:100%;\"\n\t\t\t\t\t\t\t\tdata-basealign=\"slide\"\n\t\t\t\t\t\t\t\tdata-video=\"vfc:true;vd:100;fc:true;l:false;ptimer:false;\"\n\t\t\t\t\t\t\t\tdata-poster=\"\/\/qu-concepts.ch\/wp-content\/uploads\/revslider\/video-media\/Quconcepts_movie-fuer-Website_39_layer.jpeg\"\n\t\t\t\t\t\t\t\tdata-mp4=\"\/\/qu-concepts.ch\/wp-content\/uploads\/2021\/07\/Quconcepts_movie-fuer-Website.mp4\"\n\t\t\t\t\t\t\t\tdata-frame_999=\"o:0;st:w;sR:23290;\"\n\t\t\t\t\t\t\t\tstyle=\"z-index:9;\"\n\t\t\t\t\t\t\t>\n\t\t\t\t\t\t\t<\/rs-layer><!--\n-->\t\t\t\t\t<\/rs-slide>\n\t\t\t\t\t\t<rs-slide style=\"position: absolute;\" data-key=\"rs-40\" data-title=\"Gurtenfestival Zeltb\u00fchne\" data-thumb=\"\/\/qu-concepts.ch\/wp-content\/uploads\/2024\/05\/GF22_Zeltbuehne_cDominicBruegger-scaled-300x150.jpg\" data-anim=\"adpr:false;ms:80;\" data-in=\"o:0;\" data-out=\"a:false;\">\n\t\t\t\t\t\t\t<img decoding=\"async\" src=\"\/\/qu-concepts.ch\/wp-content\/plugins\/revslider\/sr6\/assets\/assets\/dummy.png\" alt=\"Qu Concepts @Gurtenfestival 2022\" title=\"SCHWEIZ GURTENFESTIVAL 2022 IMPRESSIONEN\" width=\"2560\" height=\"1707\" class=\"rev-slidebg tp-rs-img rs-lazyload\" data-lazyload=\"\/\/qu-concepts.ch\/wp-content\/uploads\/2024\/05\/GF22_Zeltbuehne_cDominicBruegger-scaled.jpg\" data-parallax=\"off\" data-no-retina>\n<!---->\t\t\t\t\t<\/rs-slide>\n\t\t\t\t\t\t<rs-slide style=\"position: absolute;\" data-key=\"rs-42\" data-title=\"Gurtenfestival Hauptb\u00fchne\" data-thumb=\"\/\/qu-concepts.ch\/wp-content\/uploads\/2024\/05\/GF22_Hauptbuehne_cAndrinFretz-scaled-300x150.jpg\" data-anim=\"adpr:false;ms:80;\" data-in=\"o:0;\" data-out=\"a:false;\">\n\t\t\t\t\t\t\t<img decoding=\"async\" src=\"\/\/qu-concepts.ch\/wp-content\/plugins\/revslider\/sr6\/assets\/assets\/dummy.png\" alt=\"Qu Concepts @Gurtenfestival 2022\" title=\"Gurtenfestival 2022_Hauptb\u00fchne_(c)AndrinFretz\" width=\"2560\" height=\"1919\" class=\"rev-slidebg tp-rs-img rs-lazyload\" data-lazyload=\"\/\/qu-concepts.ch\/wp-content\/uploads\/2024\/05\/GF22_Hauptbuehne_cAndrinFretz-scaled.jpg\" data-bg=\"p:center bottom;\" data-parallax=\"off\" data-no-retina>\n<!---->\t\t\t\t\t<\/rs-slide>\n\t\t\t\t\t\t<rs-slide style=\"position: absolute;\" data-key=\"rs-41\" data-title=\"Gurtenfestival 2022\" data-thumb=\"\/\/qu-concepts.ch\/wp-content\/uploads\/2024\/05\/GF22_Hauptbuehne_3_cSimonBoschi-scaled-300x150.jpg\" data-anim=\"adpr:false;ms:80;\" data-in=\"o:0;\" data-out=\"a:false;\">\n\t\t\t\t\t\t\t<img decoding=\"async\" src=\"\/\/qu-concepts.ch\/wp-content\/plugins\/revslider\/sr6\/assets\/assets\/dummy.png\" alt=\"Qu Concepts @Gurtenfestival 2022\" title=\"SCHWEIZ BERN GURTEN FESTIVAL 2022\" width=\"2560\" height=\"1707\" class=\"rev-slidebg tp-rs-img rs-lazyload\" data-lazyload=\"\/\/qu-concepts.ch\/wp-content\/uploads\/2024\/05\/GF22_Hauptbuehne_3_cSimonBoschi-scaled.jpg\" data-parallax=\"off\" data-no-retina>\n<!---->\t\t\t\t\t<\/rs-slide>\n\t\t\t\t\t\t<rs-slide style=\"position: absolute;\" data-key=\"rs-43\" data-title=\"ESAF Zug\" data-thumb=\"\/\/qu-concepts.ch\/wp-content\/uploads\/2024\/05\/dji_0705-2-scaled-300x150.jpg\" data-anim=\"adpr:false;ms:80;\" data-in=\"o:0;\" data-out=\"a:false;\">\n\t\t\t\t\t\t\t<img decoding=\"async\" src=\"\/\/qu-concepts.ch\/wp-content\/plugins\/revslider\/sr6\/assets\/assets\/dummy.png\" alt=\"Qu Concepts @ESAF Zug 2019\" title=\"Zug 2019: Die Zug Arena aus der Vogelperspektive\" width=\"2560\" height=\"1634\" class=\"rev-slidebg tp-rs-img rs-lazyload\" data-lazyload=\"\/\/qu-concepts.ch\/wp-content\/uploads\/2024\/05\/dji_0705-2-scaled.jpg\" data-bg=\"p:center bottom;\" data-parallax=\"off\" data-no-retina>\n<!---->\t\t\t\t\t<\/rs-slide>\n\t\t\t\t\t\t<rs-slide style=\"position: absolute;\" data-key=\"rs-44\" data-title=\"ESAF Zug 2019\" data-thumb=\"\/\/qu-concepts.ch\/wp-content\/uploads\/2024\/05\/rsty2356-scaled-300x150.jpg\" data-anim=\"adpr:false;ms:80;\" data-in=\"o:0;\" data-out=\"a:false;\">\n\t\t\t\t\t\t\t<img decoding=\"async\" src=\"\/\/qu-concepts.ch\/wp-content\/plugins\/revslider\/sr6\/assets\/assets\/dummy.png\" alt=\"Qu Concepts @ESAF Zug 2019\" title=\"Zug 2019: Vollbesetzte Zug Arena\" width=\"2560\" height=\"1711\" class=\"rev-slidebg tp-rs-img rs-lazyload\" data-lazyload=\"\/\/qu-concepts.ch\/wp-content\/uploads\/2024\/05\/rsty2356-scaled.jpg\" data-bg=\"p:center bottom;\" data-parallax=\"off\" data-no-retina>\n<!---->\t\t\t\t\t<\/rs-slide>\n\t\t\t\t\t<\/rs-slides>\n\t\t\t\t<\/rs-module>\n\t\t\t\t<script>\n\t\t\t\t\tsetREVStartSize({c: 'rev_slider_16_1',rl:[1240,1024,778,480],el:[700,650,650,300],gw:[1140,1024,778,480],gh:[700,650,650,300],type:'standard',justify:'',layout:'fullscreen',offsetContainer:'',offset:'',mh:\"0\"});if (window.RS_MODULES!==undefined && window.RS_MODULES.modules!==undefined && window.RS_MODULES.modules[\"revslider161\"]!==undefined) {window.RS_MODULES.modules[\"revslider161\"].once = false;window.revapi16 = undefined;if (window.RS_MODULES.checkMinimal!==undefined) window.RS_MODULES.checkMinimal()}\n\t\t\t\t<\/script>\n\t\t\t<\/rs-module-wrap>\n\t\t\t<!-- END REVOLUTION SLIDER -->\n[\/vc_column][\/vc_row]<\/p>\n<\/div>","protected":false},"excerpt":{"rendered":"<p>[vc_row full_width=&#8221;stretch_row_content_no_spaces&#8221; no_bottom_margin=&#8221;yes&#8221;][vc_column][\/vc_column][\/vc_row]<\/p>\n","protected":false},"author":2,"featured_media":5738,"parent":0,"menu_order":0,"comment_status":"closed","ping_status":"closed","template":"","meta":{"_acf_changed":false,"inline_featured_image":false,"footnotes":""},"class_list":["post-6040","page","type-page","status-publish","has-post-thumbnail","hentry"],"acf":[],"yoast_head":"<!-- This site is optimized with the Yoast SEO plugin v25.3.1 - https:\/\/yoast.com\/wordpress\/plugins\/seo\/ -->\n<title>Qu - Qu concepts<\/title>\n<meta name=\"description\" content=\"Qu solutions entwickelt, konstruiert und f\u00fchrt seit mehr als 10 Jahren audiovisuelle Projekte f\u00fcr den professionellen Bereich in Hotels und in Privath\u00e4usern durch. Zu unseren Kunden z\u00e4hlen Kongresszentren, Gesch\u00e4ftskunden, Hotels und MICE.\" \/>\n<meta name=\"robots\" content=\"index, follow, max-snippet:-1, max-image-preview:large, max-video-preview:-1\" \/>\n<link rel=\"canonical\" href=\"https:\/\/qu-concepts.ch\/en\/\" \/>\n<meta property=\"og:locale\" content=\"en_US\" \/>\n<meta property=\"og:type\" content=\"article\" \/>\n<meta property=\"og:title\" content=\"Qu - Qu concepts\" \/>\n<meta property=\"og:description\" content=\"Qu solutions entwickelt, konstruiert und f\u00fchrt seit mehr als 10 Jahren audiovisuelle Projekte f\u00fcr den professionellen Bereich in Hotels und in Privath\u00e4usern durch. Zu unseren Kunden z\u00e4hlen Kongresszentren, Gesch\u00e4ftskunden, Hotels und MICE.\" \/>\n<meta property=\"og:url\" content=\"https:\/\/qu-concepts.ch\/en\/\" \/>\n<meta property=\"og:site_name\" content=\"Qu concepts\" \/>\n<meta property=\"article:modified_time\" content=\"2025-08-27T12:14:32+00:00\" \/>\n<meta property=\"og:image\" content=\"https:\/\/qu-concepts.ch\/wp-content\/uploads\/2018\/06\/landscape4.jpg\" \/>\n\t<meta property=\"og:image:width\" content=\"1600\" \/>\n\t<meta property=\"og:image:height\" content=\"1143\" \/>\n\t<meta property=\"og:image:type\" content=\"image\/jpeg\" \/>\n<meta name=\"twitter:card\" content=\"summary_large_image\" \/>\n<script type=\"application\/ld+json\" class=\"yoast-schema-graph\">{\"@context\":\"https:\/\/schema.org\",\"@graph\":[{\"@type\":\"WebPage\",\"@id\":\"https:\/\/qu-concepts.ch\/en\/\",\"url\":\"https:\/\/qu-concepts.ch\/en\/\",\"name\":\"Qu - Qu concepts\",\"isPartOf\":{\"@id\":\"https:\/\/qu-concepts.ch\/en\/#website\"},\"primaryImageOfPage\":{\"@id\":\"https:\/\/qu-concepts.ch\/en\/#primaryimage\"},\"image\":{\"@id\":\"https:\/\/qu-concepts.ch\/en\/#primaryimage\"},\"thumbnailUrl\":\"https:\/\/qu-concepts.ch\/wp-content\/uploads\/2018\/06\/landscape4.jpg\",\"datePublished\":\"2021-03-11T07:05:04+00:00\",\"dateModified\":\"2025-08-27T12:14:32+00:00\",\"description\":\"Qu solutions entwickelt, konstruiert und f\u00fchrt seit mehr als 10 Jahren audiovisuelle Projekte f\u00fcr den professionellen Bereich in Hotels und in Privath\u00e4usern durch. Zu unseren Kunden z\u00e4hlen Kongresszentren, Gesch\u00e4ftskunden, Hotels und MICE.\",\"breadcrumb\":{\"@id\":\"https:\/\/qu-concepts.ch\/en\/#breadcrumb\"},\"inLanguage\":\"en-US\",\"potentialAction\":[{\"@type\":\"ReadAction\",\"target\":[\"https:\/\/qu-concepts.ch\/en\/\"]}]},{\"@type\":\"ImageObject\",\"inLanguage\":\"en-US\",\"@id\":\"https:\/\/qu-concepts.ch\/en\/#primaryimage\",\"url\":\"https:\/\/qu-concepts.ch\/wp-content\/uploads\/2018\/06\/landscape4.jpg\",\"contentUrl\":\"https:\/\/qu-concepts.ch\/wp-content\/uploads\/2018\/06\/landscape4.jpg\",\"width\":1600,\"height\":1143},{\"@type\":\"BreadcrumbList\",\"@id\":\"https:\/\/qu-concepts.ch\/en\/#breadcrumb\",\"itemListElement\":[{\"@type\":\"ListItem\",\"position\":1,\"name\":\"Startseite\",\"item\":\"https:\/\/qu-concepts.ch\/en\/\"},{\"@type\":\"ListItem\",\"position\":2,\"name\":\"Qu\"}]},{\"@type\":\"WebSite\",\"@id\":\"https:\/\/qu-concepts.ch\/en\/#website\",\"url\":\"https:\/\/qu-concepts.ch\/en\/\",\"name\":\"Qu concepts\",\"description\":\"Events &amp; beyond\",\"publisher\":{\"@id\":\"https:\/\/qu-concepts.ch\/en\/#organization\"},\"potentialAction\":[{\"@type\":\"SearchAction\",\"target\":{\"@type\":\"EntryPoint\",\"urlTemplate\":\"https:\/\/qu-concepts.ch\/en\/?s={search_term_string}\"},\"query-input\":{\"@type\":\"PropertyValueSpecification\",\"valueRequired\":true,\"valueName\":\"search_term_string\"}}],\"inLanguage\":\"en-US\"},{\"@type\":\"Organization\",\"@id\":\"https:\/\/qu-concepts.ch\/en\/#organization\",\"name\":\"Qu solutions\",\"url\":\"https:\/\/qu-concepts.ch\/en\/\",\"logo\":{\"@type\":\"ImageObject\",\"inLanguage\":\"en-US\",\"@id\":\"https:\/\/qu-concepts.ch\/en\/#\/schema\/logo\/image\/\",\"url\":\"https:\/\/qu-concepts.ch\/wp-content\/uploads\/2020\/06\/Qu_solutions.svg\",\"contentUrl\":\"https:\/\/qu-concepts.ch\/wp-content\/uploads\/2020\/06\/Qu_solutions.svg\",\"width\":\"1024\",\"height\":\"1024\",\"caption\":\"Qu solutions\"},\"image\":{\"@id\":\"https:\/\/qu-concepts.ch\/en\/#\/schema\/logo\/image\/\"}}]}<\/script>\n<!-- \/ Yoast SEO plugin. -->","yoast_head_json":{"title":"Qu - Qu concepts","description":"Qu solutions entwickelt, konstruiert und f\u00fchrt seit mehr als 10 Jahren audiovisuelle Projekte f\u00fcr den professionellen Bereich in Hotels und in Privath\u00e4usern durch. Zu unseren Kunden z\u00e4hlen Kongresszentren, Gesch\u00e4ftskunden, Hotels und MICE.","robots":{"index":"index","follow":"follow","max-snippet":"max-snippet:-1","max-image-preview":"max-image-preview:large","max-video-preview":"max-video-preview:-1"},"canonical":"https:\/\/qu-concepts.ch\/en\/","og_locale":"en_US","og_type":"article","og_title":"Qu - Qu concepts","og_description":"Qu solutions entwickelt, konstruiert und f\u00fchrt seit mehr als 10 Jahren audiovisuelle Projekte f\u00fcr den professionellen Bereich in Hotels und in Privath\u00e4usern durch. Zu unseren Kunden z\u00e4hlen Kongresszentren, Gesch\u00e4ftskunden, Hotels und MICE.","og_url":"https:\/\/qu-concepts.ch\/en\/","og_site_name":"Qu concepts","article_modified_time":"2025-08-27T12:14:32+00:00","og_image":[{"width":1600,"height":1143,"url":"https:\/\/qu-concepts.ch\/wp-content\/uploads\/2018\/06\/landscape4.jpg","type":"image\/jpeg"}],"twitter_card":"summary_large_image","schema":{"@context":"https:\/\/schema.org","@graph":[{"@type":"WebPage","@id":"https:\/\/qu-concepts.ch\/en\/","url":"https:\/\/qu-concepts.ch\/en\/","name":"Qu - Qu concepts","isPartOf":{"@id":"https:\/\/qu-concepts.ch\/en\/#website"},"primaryImageOfPage":{"@id":"https:\/\/qu-concepts.ch\/en\/#primaryimage"},"image":{"@id":"https:\/\/qu-concepts.ch\/en\/#primaryimage"},"thumbnailUrl":"https:\/\/qu-concepts.ch\/wp-content\/uploads\/2018\/06\/landscape4.jpg","datePublished":"2021-03-11T07:05:04+00:00","dateModified":"2025-08-27T12:14:32+00:00","description":"Qu solutions entwickelt, konstruiert und f\u00fchrt seit mehr als 10 Jahren audiovisuelle Projekte f\u00fcr den professionellen Bereich in Hotels und in Privath\u00e4usern durch. Zu unseren Kunden z\u00e4hlen Kongresszentren, Gesch\u00e4ftskunden, Hotels und MICE.","breadcrumb":{"@id":"https:\/\/qu-concepts.ch\/en\/#breadcrumb"},"inLanguage":"en-US","potentialAction":[{"@type":"ReadAction","target":["https:\/\/qu-concepts.ch\/en\/"]}]},{"@type":"ImageObject","inLanguage":"en-US","@id":"https:\/\/qu-concepts.ch\/en\/#primaryimage","url":"https:\/\/qu-concepts.ch\/wp-content\/uploads\/2018\/06\/landscape4.jpg","contentUrl":"https:\/\/qu-concepts.ch\/wp-content\/uploads\/2018\/06\/landscape4.jpg","width":1600,"height":1143},{"@type":"BreadcrumbList","@id":"https:\/\/qu-concepts.ch\/en\/#breadcrumb","itemListElement":[{"@type":"ListItem","position":1,"name":"Startseite","item":"https:\/\/qu-concepts.ch\/en\/"},{"@type":"ListItem","position":2,"name":"Qu"}]},{"@type":"WebSite","@id":"https:\/\/qu-concepts.ch\/en\/#website","url":"https:\/\/qu-concepts.ch\/en\/","name":"Qu concepts","description":"Events &amp; beyond","publisher":{"@id":"https:\/\/qu-concepts.ch\/en\/#organization"},"potentialAction":[{"@type":"SearchAction","target":{"@type":"EntryPoint","urlTemplate":"https:\/\/qu-concepts.ch\/en\/?s={search_term_string}"},"query-input":{"@type":"PropertyValueSpecification","valueRequired":true,"valueName":"search_term_string"}}],"inLanguage":"en-US"},{"@type":"Organization","@id":"https:\/\/qu-concepts.ch\/en\/#organization","name":"Qu solutions","url":"https:\/\/qu-concepts.ch\/en\/","logo":{"@type":"ImageObject","inLanguage":"en-US","@id":"https:\/\/qu-concepts.ch\/en\/#\/schema\/logo\/image\/","url":"https:\/\/qu-concepts.ch\/wp-content\/uploads\/2020\/06\/Qu_solutions.svg","contentUrl":"https:\/\/qu-concepts.ch\/wp-content\/uploads\/2020\/06\/Qu_solutions.svg","width":"1024","height":"1024","caption":"Qu solutions"},"image":{"@id":"https:\/\/qu-concepts.ch\/en\/#\/schema\/logo\/image\/"}}]}},"_links":{"self":[{"href":"https:\/\/qu-concepts.ch\/en\/wp-json\/wp\/v2\/pages\/6040","targetHints":{"allow":["GET"]}}],"collection":[{"href":"https:\/\/qu-concepts.ch\/en\/wp-json\/wp\/v2\/pages"}],"about":[{"href":"https:\/\/qu-concepts.ch\/en\/wp-json\/wp\/v2\/types\/page"}],"author":[{"embeddable":true,"href":"https:\/\/qu-concepts.ch\/en\/wp-json\/wp\/v2\/users\/2"}],"replies":[{"embeddable":true,"href":"https:\/\/qu-concepts.ch\/en\/wp-json\/wp\/v2\/comments?post=6040"}],"version-history":[{"count":24,"href":"https:\/\/qu-concepts.ch\/en\/wp-json\/wp\/v2\/pages\/6040\/revisions"}],"predecessor-version":[{"id":6673,"href":"https:\/\/qu-concepts.ch\/en\/wp-json\/wp\/v2\/pages\/6040\/revisions\/6673"}],"wp:featuredmedia":[{"embeddable":true,"href":"https:\/\/qu-concepts.ch\/en\/wp-json\/wp\/v2\/media\/5738"}],"wp:attachment":[{"href":"https:\/\/qu-concepts.ch\/en\/wp-json\/wp\/v2\/media?parent=6040"}],"curies":[{"name":"wp","href":"https:\/\/api.w.org\/{rel}","templated":true}]}}